{"id":468,"date":"2021-02-26T17:50:17","date_gmt":"2021-02-26T16:50:17","guid":{"rendered":"https:\/\/www.bilel.nu\/?page_id=468"},"modified":"2021-03-03T15:09:59","modified_gmt":"2021-03-03T14:09:59","slug":"radiokommunikation","status":"publish","type":"page","link":"https:\/\/www.bilel.nu\/?page_id=468","title":{"rendered":"Radiokommunikation"},"content":{"rendered":"<p>[et_pb_section fb_built=&#8221;1&#8243; admin_label=&#8221;Header&#8221; _builder_version=&#8221;4.8.2&#8243; use_background_color_gradient=&#8221;on&#8221; background_color_gradient_start=&#8221;rgba(191,191,191,0.13)&#8221; background_color_gradient_end=&#8221;rgba(23,0,190,0.9)&#8221; background_color_gradient_overlays_image=&#8221;on&#8221; background_image=&#8221;https:\/\/www.bilel.nu\/wp-content\/uploads\/2021\/02\/detailing-11.jpg&#8221; locked=&#8221;off&#8221;][et_pb_row column_structure=&#8221;2_3,1_3&#8243; _builder_version=&#8221;4.3.1&#8243;][et_pb_column type=&#8221;2_3&#8243; _builder_version=&#8221;4.3.1&#8243;][et_pb_text _builder_version=&#8221;4.8.2&#8243; text_font_size=&#8221;16px&#8221; text_line_height=&#8221;1.8em&#8221; header_font=&#8221;Kanit|700|||||||&#8221; header_font_size=&#8221;80px&#8221; background_layout=&#8221;dark&#8221; custom_margin=&#8221;|-115px||||&#8221; header_font_size_tablet=&#8221;60px&#8221; header_font_size_phone=&#8221;42px&#8221; header_font_size_last_edited=&#8221;on|phone&#8221; locked=&#8221;off&#8221;]<\/p>\n<h1>Radio-<\/h1>\n<h1>kommunikation<\/h1>\n<p>[\/et_pb_text][\/et_pb_column][et_pb_column type=&#8221;1_3&#8243; _builder_version=&#8221;4.3.1&#8243;][et_pb_button button_text=&#8221;Boka Installation&#8221; button_alignment=&#8221;right&#8221; _builder_version=&#8221;4.8.2&#8243; custom_button=&#8221;on&#8221; button_bg_color=&#8221;#1700bd&#8221; button_border_color=&#8221;rgba(0,0,0,0)&#8221; button_border_radius=&#8221;0px&#8221; button_font=&#8221;Kanit|700|||||||&#8221; button_icon=&#8221;%%3%%&#8221; background_layout=&#8221;dark&#8221; custom_padding=&#8221;15px|40px|15px|40px|true|true&#8221; hover_enabled=&#8221;0&#8243; locked=&#8221;off&#8221; button_url=&#8221;@ET-DC@eyJkeW5hbWljIjp0cnVlLCJjb250ZW50IjoicG9zdF9saW5rX3VybF9wYWdlIiwic2V0dGluZ3MiOnsicG9zdF9pZCI6IjM2In19@&#8221; _dynamic_attributes=&#8221;button_url&#8221; sticky_enabled=&#8221;0&#8243;][\/et_pb_button][\/et_pb_column][\/et_pb_row][\/et_pb_section][et_pb_section fb_built=&#8221;1&#8243; admin_label=&#8221;About&#8221; _builder_version=&#8221;4.8.2&#8243; bottom_divider_style=&#8221;slant2&#8243; bottom_divider_color=&#8221;rgba(0,0,0,0.02)&#8221;][et_pb_row column_structure=&#8221;3_5,2_5&#8243; _builder_version=&#8221;4.8.2&#8243;][et_pb_column type=&#8221;3_5&#8243; _builder_version=&#8221;4.3.1&#8243;][et_pb_text _builder_version=&#8221;4.8.2&#8243; text_font_size=&#8221;16px&#8221; text_line_height=&#8221;1.8em&#8221; custom_padding=&#8221;28px||||false|false&#8221; locked=&#8221;off&#8221;]<\/p>\n<p>Abrahamssons Bilel\u00a0s\u00e4ljer och \u00e4r utbildade mont\u00f6rer av V-com och Motorola comradio. Vi har \u00e4ven handsfree-satster och fullt sortiment p\u00e5 antenn-material.<\/p>\n<p><span style=\"font-size: 16px;\">Vi har alltid bra pris p\u00e5 installation och hj\u00e4lper er s\u00e5 klart om ni har n\u00e5gra funderingar.\u00a0\u00a0<\/span><\/p>\n<p>[\/et_pb_text][\/et_pb_column][et_pb_column type=&#8221;2_5&#8243; _builder_version=&#8221;4.3.1&#8243;][et_pb_blurb title=&#8221;L\u00e4tt att anv\u00e4nda!&#8221; use_icon=&#8221;on&#8221; font_icon=&#8221;%%36%%&#8221; icon_color=&#8221;#1700be&#8221; icon_placement=&#8221;left&#8221; content_max_width=&#8221;1100px&#8221; use_icon_font_size=&#8221;on&#8221; icon_font_size=&#8221;16px&#8221; _builder_version=&#8221;4.8.2&#8243; header_font_size=&#8221;14px&#8221; header_line_height=&#8221;1.2em&#8221; custom_margin=&#8221;||10px||false|false&#8221; animation=&#8221;off&#8221; locked=&#8221;off&#8221;][\/et_pb_blurb][et_pb_blurb title=&#8221;F\u00f6r dig som beh\u00f6ver kommunicera med \u00f6vriga fordon&#8221; use_icon=&#8221;on&#8221; font_icon=&#8221;%%36%%&#8221; icon_color=&#8221;#1700be&#8221; icon_placement=&#8221;left&#8221; content_max_width=&#8221;1100px&#8221; use_icon_font_size=&#8221;on&#8221; icon_font_size=&#8221;16px&#8221; _builder_version=&#8221;4.8.2&#8243; header_font_size=&#8221;14px&#8221; header_line_height=&#8221;1.2em&#8221; custom_margin=&#8221;||10px||false|false&#8221; animation=&#8221;off&#8221; locked=&#8221;off&#8221;][\/et_pb_blurb][et_pb_blurb title=&#8221;Vi kommer ut p\u00e5 plats vid behov&#8221; use_icon=&#8221;on&#8221; font_icon=&#8221;%%36%%&#8221; icon_color=&#8221;#1700be&#8221; icon_placement=&#8221;left&#8221; content_max_width=&#8221;1100px&#8221; use_icon_font_size=&#8221;on&#8221; icon_font_size=&#8221;16px&#8221; _builder_version=&#8221;4.8.2&#8243; header_font_size=&#8221;14px&#8221; header_line_height=&#8221;1.2em&#8221; custom_margin=&#8221;||10px||false|false&#8221; animation=&#8221;off&#8221; locked=&#8221;off&#8221;][\/et_pb_blurb][\/et_pb_column][\/et_pb_row][\/et_pb_section][et_pb_section fb_built=&#8221;1&#8243; admin_label=&#8221;How It Works&#8221; _builder_version=&#8221;4.8.2&#8243; background_color=&#8221;rgba(0,0,0,0.03)&#8221;][et_pb_row _builder_version=&#8221;4.3.2&#8243;][et_pb_column type=&#8221;4_4&#8243; _builder_version=&#8221;4.3.2&#8243;][et_pb_text _builder_version=&#8221;4.8.2&#8243; header_2_font=&#8221;Kanit|700|||||||&#8221; header_2_text_align=&#8221;center&#8221; header_2_font_size=&#8221;48px&#8221; header_2_line_height=&#8221;1.2em&#8221; module_alignment=&#8221;center&#8221; header_2_font_size_tablet=&#8221;&#8221; header_2_font_size_phone=&#8221;30px&#8221; header_2_font_size_last_edited=&#8221;on|phone&#8221; locked=&#8221;off&#8221;]<\/p>\n<h2>Beskrivning<\/h2>\n<p>[\/et_pb_text][et_pb_divider color=&#8221;rgba(0,0,0,0.1)&#8221; divider_position=&#8221;bottom&#8221; divider_weight=&#8221;7px&#8221; _builder_version=&#8221;4.8.2&#8243; _module_preset=&#8221;default&#8221; width=&#8221;36%&#8221; module_alignment=&#8221;center&#8221;][\/et_pb_divider][\/et_pb_column][\/et_pb_row][et_pb_row column_structure=&#8221;1_2,1_2&#8243; _builder_version=&#8221;4.8.2&#8243; background_color=&#8221;RGBA(0,0,0,0)&#8221; custom_padding=&#8221;|30px||30px|false|true&#8221; scroll_horizontal_motion=&#8221;0|50|50|100|1|0|0&#8243;][et_pb_column type=&#8221;1_2&#8243; _builder_version=&#8221;4.3.2&#8243;][et_pb_text _builder_version=&#8221;4.8.2&#8243; _module_preset=&#8221;default&#8221; text_font_size=&#8221;19px&#8221; custom_margin=&#8221;||175px|||&#8221;]<\/p>\n<p>Vi har \u00f6vertagit allt med kommunikation fr\u00e5n Assist Pite\u00e5.<\/p>\n<p>Vi monterar V-com och Motorola comradio. Vid behov s\u00e5 kommer vi ut p\u00e5 plats och monterar.<\/p>\n<p>Vi har \u00e4ven Peltors sortiment och en del reservdelar. Skickar \u00e4ven f\u00f6r reparation.<\/p>\n<p><span>Kontakta oss om ni har n\u00e5gra funderingar kring radiokommunikation, vill boka installation eller kanske \u00e4r i behov av en ny antenn.\u00a0\u00a0<\/span><\/p>\n<p>&nbsp;<\/p>\n<p>&nbsp;<\/p>\n<p>[\/et_pb_text][\/et_pb_column][et_pb_column type=&#8221;1_2&#8243; _builder_version=&#8221;4.3.2&#8243;][et_pb_image src=&#8221;https:\/\/www.bilel.nu\/wp-content\/uploads\/2021\/03\/v-com-m80-e1614613033554.jpg&#8221; title_text=&#8221;v-com m80&#8243; _builder_version=&#8221;4.8.2&#8243; _module_preset=&#8221;default&#8221; custom_margin=&#8221;||19px|||&#8221;][\/et_pb_image][\/et_pb_column][\/et_pb_row][et_pb_row _builder_version=&#8221;4.3.2&#8243;][et_pb_column type=&#8221;4_4&#8243; _builder_version=&#8221;4.3.2&#8243;][et_pb_button button_text=&#8221;Boka Installation&#8221; _builder_version=&#8221;4.8.2&#8243; custom_button=&#8221;on&#8221; button_bg_color=&#8221;#1700bd&#8221; button_border_color=&#8221;rgba(0,0,0,0)&#8221; button_border_radius=&#8221;0px&#8221; button_font=&#8221;Kanit|700|||||||&#8221; button_icon=&#8221;%%3%%&#8221; button_icon_placement=&#8221;left&#8221; background_layout=&#8221;dark&#8221; custom_padding=&#8221;15px|40px|15px|40px|true|true&#8221; hover_enabled=&#8221;0&#8243; locked=&#8221;off&#8221; button_url=&#8221;@ET-DC@eyJkeW5hbWljIjp0cnVlLCJjb250ZW50IjoicG9zdF9saW5rX3VybF9wYWdlIiwic2V0dGluZ3MiOnsicG9zdF9pZCI6IjM2In19@&#8221; _dynamic_attributes=&#8221;button_url&#8221; sticky_enabled=&#8221;0&#8243;][\/et_pb_button][\/et_pb_column][\/et_pb_row][\/et_pb_section][et_pb_section fb_built=&#8221;1&#8243; custom_padding_last_edited=&#8221;on|phone&#8221; admin_label=&#8221;Footer&#8221; _builder_version=&#8221;4.3.2&#8243; use_background_color_gradient=&#8221;on&#8221; background_color_gradient_start=&#8221;#000000&#8243; background_color_gradient_end=&#8221;#1700be&#8221; custom_margin=&#8221;180px||||false|false&#8221; custom_margin_tablet=&#8221;&#8221; custom_margin_phone=&#8221;0px||||false|false&#8221; custom_margin_last_edited=&#8221;on|phone&#8221; custom_padding=&#8221;1px||0px||false|false&#8221; custom_padding_tablet=&#8221;&#8221; custom_padding_phone=&#8221;48px||48px||true|false&#8221; saved_tabs=&#8221;all&#8221; locked=&#8221;off&#8221;][et_pb_row column_structure=&#8221;1_4,1_4,1_2&#8243; custom_padding_last_edited=&#8221;on|phone&#8221; _builder_version=&#8221;4.3.2&#8243; use_background_color_gradient=&#8221;on&#8221; background_color_gradient_start=&#8221;rgba(23,0,190,0)&#8221; background_color_gradient_end=&#8221;#1700be&#8221; background_color_gradient_direction=&#8221;135deg&#8221; background_color_gradient_start_position=&#8221;36%&#8221; background_color_gradient_end_position=&#8221;0%&#8221; background_enable_image=&#8221;off&#8221; custom_margin=&#8221;-80px||||false|false&#8221; custom_margin_tablet=&#8221;&#8221; custom_margin_phone=&#8221;0px||||false|false&#8221; custom_margin_last_edited=&#8221;on|phone&#8221; custom_padding=&#8221;160px||50px||false|false&#8221; custom_padding_tablet=&#8221;||||false|false&#8221; custom_padding_phone=&#8221;0px||||false|false&#8221; background_last_edited=&#8221;on|phone&#8221; use_background_color_gradient_phone=&#8221;off&#8221; box_shadow_style=&#8221;preset4&#8243; box_shadow_horizontal=&#8221;30vw&#8221; box_shadow_vertical=&#8221;0px&#8221; box_shadow_color=&#8221;#1700be&#8221; box_shadow_horizontal_tablet=&#8221;&#8221; box_shadow_horizontal_phone=&#8221;0vw&#8221; box_shadow_horizontal_last_edited=&#8221;on|phone&#8221;][et_pb_column type=&#8221;1_4&#8243; _builder_version=&#8221;4.2.2&#8243;][et_pb_text _builder_version=&#8221;4.8.2&#8243; header_3_font=&#8221;Kanit|700|||||||&#8221; header_3_font_size=&#8221;24px&#8221; header_3_line_height=&#8221;1.4em&#8221; background_layout=&#8221;dark&#8221;]<\/p>\n<h3>Kontakta oss<\/h3>\n<p>[\/et_pb_text][et_pb_blurb use_icon=&#8221;on&#8221; font_icon=&#8221;%%249%%&#8221; icon_color=&#8221;#ffffff&#8221; icon_placement=&#8221;left&#8221; content_max_width=&#8221;100%&#8221; use_icon_font_size=&#8221;on&#8221; icon_font_size=&#8221;16px&#8221; _builder_version=&#8221;4.8.2&#8243; body_line_height=&#8221;1.2em&#8221; background_layout=&#8221;dark&#8221; animation=&#8221;off&#8221;]<\/p>\n<p>Abrahamssons Bilel AB<br \/>Verkstadsgatan 9<br \/>941 39 Pite\u00e5<\/p>\n<p>[\/et_pb_blurb][et_pb_blurb use_icon=&#8221;on&#8221; font_icon=&#8221;%%264%%&#8221; icon_color=&#8221;#ffffff&#8221; icon_placement=&#8221;left&#8221; content_max_width=&#8221;100%&#8221; use_icon_font_size=&#8221;on&#8221; icon_font_size=&#8221;16px&#8221; _builder_version=&#8221;4.8.2&#8243; body_line_height=&#8221;1.2em&#8221; background_layout=&#8221;dark&#8221; animation=&#8221;off&#8221; link_option_url=&#8221;#&#8221;]<\/p>\n<p><span>0911 &#8211; 176 60<\/span><\/p>\n<p>[\/et_pb_blurb][et_pb_blurb use_icon=&#8221;on&#8221; font_icon=&#8221;%%264%%&#8221; icon_color=&#8221;#ffffff&#8221; icon_placement=&#8221;left&#8221; content_max_width=&#8221;100%&#8221; use_icon_font_size=&#8221;on&#8221; icon_font_size=&#8221;16px&#8221; _builder_version=&#8221;4.8.2&#8243; body_line_height=&#8221;1.2em&#8221; background_layout=&#8221;dark&#8221; animation=&#8221;off&#8221; link_option_url=&#8221;#&#8221;]<\/p>\n<p><span>070 &#8211; 59 48 631<\/span><\/p>\n<p>[\/et_pb_blurb][et_pb_blurb use_icon=&#8221;on&#8221; font_icon=&#8221;%%238%%&#8221; icon_color=&#8221;#ffffff&#8221; icon_placement=&#8221;left&#8221; content_max_width=&#8221;100%&#8221; use_icon_font_size=&#8221;on&#8221; icon_font_size=&#8221;16px&#8221; _builder_version=&#8221;4.8.2&#8243; body_line_height=&#8221;1.2em&#8221; background_layout=&#8221;dark&#8221; animation=&#8221;off&#8221; link_option_url=&#8221;#&#8221;]<\/p>\n<p><span>abrahamsson@bilel.nu<\/span><\/p>\n<p>[\/et_pb_blurb][\/et_pb_column][et_pb_column type=&#8221;1_4&#8243; _builder_version=&#8221;4.2.2&#8243;][et_pb_text _builder_version=&#8221;4.8.2&#8243; header_3_font=&#8221;Kanit|700|||||||&#8221; header_3_font_size=&#8221;24px&#8221; header_3_line_height=&#8221;1.4em&#8221; background_layout=&#8221;dark&#8221; locked=&#8221;off&#8221;]<\/p>\n<h3>Snabb L\u00e4nkar<\/h3>\n<p>[\/et_pb_text][et_pb_text ul_type=&#8221;none&#8221; ul_item_indent=&#8221;1px&#8221; _builder_version=&#8221;4.8.2&#8243; link_text_color=&#8221;#ffffff&#8221; ul_font_size=&#8221;16px&#8221; ul_line_height=&#8221;2em&#8221; background_layout=&#8221;dark&#8221; hover_enabled=&#8221;0&#8243; locked=&#8221;off&#8221; link_option_url=&#8221;@ET-DC@eyJkeW5hbWljIjp0cnVlLCJjb250ZW50IjoicG9zdF9saW5rX3VybF9wYWdlIiwic2V0dGluZ3MiOnsicG9zdF9pZCI6IjM2In19@&#8221; _dynamic_attributes=&#8221;link_option_url&#8221; custom_margin=&#8221;||-10px||false|false&#8221; sticky_enabled=&#8221;0&#8243;]<\/p>\n<ul>\n<li>Produkter<\/li>\n<\/ul>\n<p>[\/et_pb_text][et_pb_text ul_type=&#8221;none&#8221; ul_item_indent=&#8221;1px&#8221; _builder_version=&#8221;4.8.2&#8243; link_text_color=&#8221;#ffffff&#8221; ul_font_size=&#8221;16px&#8221; ul_line_height=&#8221;2em&#8221; background_layout=&#8221;dark&#8221; hover_enabled=&#8221;0&#8243; locked=&#8221;off&#8221; link_option_url=&#8221;@ET-DC@eyJkeW5hbWljIjp0cnVlLCJjb250ZW50IjoicG9zdF9saW5rX3VybF9wYWdlIiwic2V0dGluZ3MiOnsicG9zdF9pZCI6IjQ1In19@&#8221; _dynamic_attributes=&#8221;link_option_url&#8221; custom_margin=&#8221;||-10px||false|false&#8221; sticky_enabled=&#8221;0&#8243;]<\/p>\n<ul>\n<li>Om oss<\/li>\n<\/ul>\n<p>[\/et_pb_text][et_pb_text ul_type=&#8221;none&#8221; ul_item_indent=&#8221;1px&#8221; _builder_version=&#8221;4.8.2&#8243; link_text_color=&#8221;#ffffff&#8221; ul_font_size=&#8221;16px&#8221; ul_line_height=&#8221;2em&#8221; background_layout=&#8221;dark&#8221; hover_enabled=&#8221;0&#8243; locked=&#8221;off&#8221; link_option_url=&#8221;@ET-DC@eyJkeW5hbWljIjp0cnVlLCJjb250ZW50IjoicG9zdF9saW5rX3VybF9wYWdlIiwic2V0dGluZ3MiOnsicG9zdF9pZCI6IjM2In19@&#8221; _dynamic_attributes=&#8221;link_option_url&#8221; sticky_enabled=&#8221;0&#8243;]<\/p>\n<ul>\n<li>Kontakt<\/li>\n<\/ul>\n<p>[\/et_pb_text][\/et_pb_column][et_pb_column type=&#8221;1_2&#8243; _builder_version=&#8221;4.3.2&#8243;][et_pb_text _builder_version=&#8221;4.8.2&#8243; _module_preset=&#8221;default&#8221;]<iframe loading=\"lazy\" src=\"https:\/\/www.google.com\/maps\/embed?pb=!1m18!1m12!1m3!1d1666.7156998145197!2d21.494189216320887!3d65.30787158413361!2m3!1f0!2f0!3f0!3m2!1i1024!2i768!4f13.1!3m3!1m2!1s0x467f17c6c5f184e1%3A0xaf819dc5d58aceb6!2sAbrahamssons%20Bilel%20-%20Autoexperten!5e0!3m2!1ssv!2sse!4v1613027106305!5m2!1ssv!2sse\" width=\"600\" height=\"450\" frameborder=\"0\" style=\"border:0;\" allowfullscreen=\"\" aria-hidden=\"false\" tabindex=\"0\"><\/iframe>[\/et_pb_text][\/et_pb_column][\/et_pb_row][\/et_pb_section]<\/p>\n","protected":false},"excerpt":{"rendered":"<p>Radio- kommunikationAbrahamssons Bilel\u00a0s\u00e4ljer och \u00e4r utbildade mont\u00f6rer av V-com och Motorola comradio. Vi har \u00e4ven handsfree-satster och fullt sortiment p\u00e5 antenn-material. Vi har alltid bra pris p\u00e5 installation och hj\u00e4lper er s\u00e5 klart om ni har n\u00e5gra funderingar.\u00a0\u00a0BeskrivningVi har \u00f6vertagit allt med kommunikation fr\u00e5n Assist Pite\u00e5. Vi monterar V-com och Motorola comradio. Vid behov s\u00e5 [&hellip;]<\/p>\n","protected":false},"author":2,"featured_media":0,"parent":33,"menu_order":0,"comment_status":"closed","ping_status":"closed","template":"","meta":{"_et_pb_use_builder":"on","_et_pb_old_content":"","_et_gb_content_width":"","footnotes":""},"class_list":["post-468","page","type-page","status-publish","hentry"],"yoast_head":"<!-- This site is optimized with the Yoast SEO plugin v27.5 - https:\/\/yoast.com\/product\/yoast-seo-wordpress\/ -->\n<title>Radiokommunikation - Abrahamssons Bilel i Pite\u00e5 Norrbotten<\/title>\n<meta name=\"robots\" content=\"index, follow, max-snippet:-1, max-image-preview:large, max-video-preview:-1\" \/>\n<link rel=\"canonical\" href=\"https:\/\/www.bilel.nu\/?page_id=468\" \/>\n<meta property=\"og:locale\" content=\"sv_SE\" \/>\n<meta property=\"og:type\" content=\"article\" \/>\n<meta property=\"og:title\" content=\"Radiokommunikation - Abrahamssons Bilel i Pite\u00e5 Norrbotten\" \/>\n<meta property=\"og:description\" content=\"Radio- kommunikationAbrahamssons Bilel\u00a0s\u00e4ljer och \u00e4r utbildade mont\u00f6rer av V-com och Motorola comradio. Vi har \u00e4ven handsfree-satster och fullt sortiment p\u00e5 antenn-material. Vi har alltid bra pris p\u00e5 installation och hj\u00e4lper er s\u00e5 klart om ni har n\u00e5gra funderingar.\u00a0\u00a0BeskrivningVi har \u00f6vertagit allt med kommunikation fr\u00e5n Assist Pite\u00e5. Vi monterar V-com och Motorola comradio. Vid behov s\u00e5 [&hellip;]\" \/>\n<meta property=\"og:url\" content=\"https:\/\/www.bilel.nu\/?page_id=468\" \/>\n<meta property=\"og:site_name\" content=\"Abrahamssons Bilel i Pite\u00e5 Norrbotten\" \/>\n<meta property=\"article:modified_time\" content=\"2021-03-03T14:09:59+00:00\" \/>\n<meta name=\"twitter:card\" content=\"summary_large_image\" \/>\n<meta name=\"twitter:label1\" content=\"Ber\u00e4knad l\u00e4stid\" \/>\n\t<meta name=\"twitter:data1\" content=\"8 minuter\" \/>\n<script type=\"application\/ld+json\" class=\"yoast-schema-graph\">{\"@context\":\"https:\\\/\\\/schema.org\",\"@graph\":[{\"@type\":\"WebPage\",\"@id\":\"https:\\\/\\\/www.bilel.nu\\\/?page_id=468\",\"url\":\"https:\\\/\\\/www.bilel.nu\\\/?page_id=468\",\"name\":\"Radiokommunikation - Abrahamssons Bilel i Pite\u00e5 Norrbotten\",\"isPartOf\":{\"@id\":\"https:\\\/\\\/www.bilel.nu\\\/#website\"},\"datePublished\":\"2021-02-26T16:50:17+00:00\",\"dateModified\":\"2021-03-03T14:09:59+00:00\",\"breadcrumb\":{\"@id\":\"https:\\\/\\\/www.bilel.nu\\\/?page_id=468#breadcrumb\"},\"inLanguage\":\"sv-SE\",\"potentialAction\":[{\"@type\":\"ReadAction\",\"target\":[\"https:\\\/\\\/www.bilel.nu\\\/?page_id=468\"]}]},{\"@type\":\"BreadcrumbList\",\"@id\":\"https:\\\/\\\/www.bilel.nu\\\/?page_id=468#breadcrumb\",\"itemListElement\":[{\"@type\":\"ListItem\",\"position\":1,\"name\":\"Hem\",\"item\":\"https:\\\/\\\/www.bilel.nu\\\/\"},{\"@type\":\"ListItem\",\"position\":2,\"name\":\"Produkter\",\"item\":\"https:\\\/\\\/www.bilel.nu\\\/?page_id=33\"},{\"@type\":\"ListItem\",\"position\":3,\"name\":\"Radiokommunikation\"}]},{\"@type\":\"WebSite\",\"@id\":\"https:\\\/\\\/www.bilel.nu\\\/#website\",\"url\":\"https:\\\/\\\/www.bilel.nu\\\/\",\"name\":\"Abrahamssons Bilel i Pite\u00e5 Norrbotten\",\"description\":\"Elektriska installationer och reparationer av fordon\",\"potentialAction\":[{\"@type\":\"SearchAction\",\"target\":{\"@type\":\"EntryPoint\",\"urlTemplate\":\"https:\\\/\\\/www.bilel.nu\\\/?s={search_term_string}\"},\"query-input\":{\"@type\":\"PropertyValueSpecification\",\"valueRequired\":true,\"valueName\":\"search_term_string\"}}],\"inLanguage\":\"sv-SE\"}]}<\/script>\n<!-- \/ Yoast SEO plugin. -->","yoast_head_json":{"title":"Radiokommunikation - Abrahamssons Bilel i Pite\u00e5 Norrbotten","robots":{"index":"index","follow":"follow","max-snippet":"max-snippet:-1","max-image-preview":"max-image-preview:large","max-video-preview":"max-video-preview:-1"},"canonical":"https:\/\/www.bilel.nu\/?page_id=468","og_locale":"sv_SE","og_type":"article","og_title":"Radiokommunikation - Abrahamssons Bilel i Pite\u00e5 Norrbotten","og_description":"Radio- kommunikationAbrahamssons Bilel\u00a0s\u00e4ljer och \u00e4r utbildade mont\u00f6rer av V-com och Motorola comradio. Vi har \u00e4ven handsfree-satster och fullt sortiment p\u00e5 antenn-material. Vi har alltid bra pris p\u00e5 installation och hj\u00e4lper er s\u00e5 klart om ni har n\u00e5gra funderingar.\u00a0\u00a0BeskrivningVi har \u00f6vertagit allt med kommunikation fr\u00e5n Assist Pite\u00e5. Vi monterar V-com och Motorola comradio. Vid behov s\u00e5 [&hellip;]","og_url":"https:\/\/www.bilel.nu\/?page_id=468","og_site_name":"Abrahamssons Bilel i Pite\u00e5 Norrbotten","article_modified_time":"2021-03-03T14:09:59+00:00","twitter_card":"summary_large_image","twitter_misc":{"Ber\u00e4knad l\u00e4stid":"8 minuter"},"schema":{"@context":"https:\/\/schema.org","@graph":[{"@type":"WebPage","@id":"https:\/\/www.bilel.nu\/?page_id=468","url":"https:\/\/www.bilel.nu\/?page_id=468","name":"Radiokommunikation - Abrahamssons Bilel i Pite\u00e5 Norrbotten","isPartOf":{"@id":"https:\/\/www.bilel.nu\/#website"},"datePublished":"2021-02-26T16:50:17+00:00","dateModified":"2021-03-03T14:09:59+00:00","breadcrumb":{"@id":"https:\/\/www.bilel.nu\/?page_id=468#breadcrumb"},"inLanguage":"sv-SE","potentialAction":[{"@type":"ReadAction","target":["https:\/\/www.bilel.nu\/?page_id=468"]}]},{"@type":"BreadcrumbList","@id":"https:\/\/www.bilel.nu\/?page_id=468#breadcrumb","itemListElement":[{"@type":"ListItem","position":1,"name":"Hem","item":"https:\/\/www.bilel.nu\/"},{"@type":"ListItem","position":2,"name":"Produkter","item":"https:\/\/www.bilel.nu\/?page_id=33"},{"@type":"ListItem","position":3,"name":"Radiokommunikation"}]},{"@type":"WebSite","@id":"https:\/\/www.bilel.nu\/#website","url":"https:\/\/www.bilel.nu\/","name":"Abrahamssons Bilel i Pite\u00e5 Norrbotten","description":"Elektriska installationer och reparationer av fordon","potentialAction":[{"@type":"SearchAction","target":{"@type":"EntryPoint","urlTemplate":"https:\/\/www.bilel.nu\/?s={search_term_string}"},"query-input":{"@type":"PropertyValueSpecification","valueRequired":true,"valueName":"search_term_string"}}],"inLanguage":"sv-SE"}]}},"_links":{"self":[{"href":"https:\/\/www.bilel.nu\/index.php?rest_route=\/wp\/v2\/pages\/468","targetHints":{"allow":["GET"]}}],"collection":[{"href":"https:\/\/www.bilel.nu\/index.php?rest_route=\/wp\/v2\/pages"}],"about":[{"href":"https:\/\/www.bilel.nu\/index.php?rest_route=\/wp\/v2\/types\/page"}],"author":[{"embeddable":true,"href":"https:\/\/www.bilel.nu\/index.php?rest_route=\/wp\/v2\/users\/2"}],"replies":[{"embeddable":true,"href":"https:\/\/www.bilel.nu\/index.php?rest_route=%2Fwp%2Fv2%2Fcomments&post=468"}],"version-history":[{"count":8,"href":"https:\/\/www.bilel.nu\/index.php?rest_route=\/wp\/v2\/pages\/468\/revisions"}],"predecessor-version":[{"id":565,"href":"https:\/\/www.bilel.nu\/index.php?rest_route=\/wp\/v2\/pages\/468\/revisions\/565"}],"up":[{"embeddable":true,"href":"https:\/\/www.bilel.nu\/index.php?rest_route=\/wp\/v2\/pages\/33"}],"wp:attachment":[{"href":"https:\/\/www.bilel.nu\/index.php?rest_route=%2Fwp%2Fv2%2Fmedia&parent=468"}],"curies":[{"name":"wp","href":"https:\/\/api.w.org\/{rel}","templated":true}]}}